{"id":18568,"date":"2025-10-30T06:41:47","date_gmt":"2025-10-30T06:41:47","guid":{"rendered":"https:\/\/theupsidefunding.com\/vielen-dank\/"},"modified":"2025-12-18T11:37:41","modified_gmt":"2025-12-18T11:37:41","slug":"vielen-dank","status":"publish","type":"page","link":"https:\/\/theupsidefunding.com\/de\/vielen-dank\/","title":{"rendered":"Vielen Dank"},"content":{"rendered":"\t\t<div data-elementor-type=\"wp-page\" data-elementor-id=\"18568\" class=\"elementor elementor-18568 elementor-14295\" data-elementor-post-type=\"page\">\n\t\t\t\t<div class=\"elementor-element elementor-element-187daa1 animated-slow upside-funding-ready-to-start-cta e-flex e-con-boxed elementor-invisible e-con e-parent\" data-id=\"187daa1\" data-element_type=\"container\" data-e-type=\"container\" data-settings=\"{&quot;background_background&quot;:&quot;classic&quot;,&quot;animation&quot;:&quot;fadeIn&quot;,&quot;animation_delay&quot;:80}\">\n\t\t\t\t\t<div class=\"e-con-inner\">\n\t\t<div class=\"elementor-element elementor-element-b4b1124 e-con-full e-flex e-con e-child\" data-id=\"b4b1124\" data-element_type=\"container\" data-e-type=\"container\">\n\t\t\t\t<div class=\"elementor-element elementor-element-ff6e51a elementor-view-default elementor-widget elementor-widget-icon\" data-id=\"ff6e51a\" data-element_type=\"widget\" data-e-type=\"widget\" data-widget_type=\"icon.default\">\n\t\t\t\t<div class=\"elementor-widget-container\">\n\t\t\t\t\t\t\t<div class=\"elementor-icon-wrapper\">\n\t\t\t<div class=\"elementor-icon\">\n\t\t\t<svg xmlns=\"http:\/\/www.w3.org\/2000\/svg\" width=\"100\" height=\"100\" viewBox=\"0 0 100 100\" fill=\"none\"><g clip-path=\"url(#clip0_11001_483)\"><path d=\"M91.2117 0H8.78984C7.88789 0 7.03457 0.175977 6.21484 0.429492L50.1961 34.4238L93.7867 0.429492C92.967 0.175977 92.1137 0 91.2117 0Z\" fill=\"#5207F8\"><\/path><path d=\"M98.6109 4.08847L51.952 40.4291C51.4312 40.8211 50.8133 41.0156 50.1953 41.0156C49.5773 41.0156 48.9594 40.8211 48.4387 40.4291L1.38906 4.08847C0.520312 5.45097 0 7.05663 0 8.78906V56.0547C0 60.9012 3.94258 64.8437 8.78906 64.8437H49.749C54.2826 54.5154 64.5799 47.2656 76.5625 47.2656C85.9352 47.2656 94.2004 51.7707 99.567 58.641C99.8227 57.8178 100 56.9609 100 56.0547V8.78906C100 7.05663 99.4797 5.45097 98.6109 4.08847Z\" fill=\"#5207F8\"><\/path><path d=\"M76.5625 53.125C63.6182 53.125 53.125 63.6182 53.125 76.5625C53.125 89.5068 63.6182 100 76.5625 100C89.5068 100 100 89.5068 100 76.5625C100 63.6182 89.5068 53.125 76.5625 53.125ZM90.3525 72.7744L75.7041 87.4229C74.5598 88.5672 72.7057 88.5672 71.5613 87.4229L62.7723 78.6338C61.6279 77.4895 61.6279 75.6354 62.7723 74.491C63.9166 73.3467 65.7707 73.3467 66.915 74.491L73.6328 81.2088L86.21 68.6316C87.3543 67.4873 89.2084 67.4873 90.3527 68.6316C91.4971 69.776 91.4971 71.6301 90.3525 72.7744Z\" fill=\"#5207F8\"><\/path><\/g><defs><clipPath id=\"clip0_11001_483\"><rect width=\"100\" height=\"100\" fill=\"white\"><\/rect><\/clipPath><\/defs><\/svg>\t\t\t<\/div>\n\t\t<\/div>\n\t\t\t\t\t\t<\/div>\n\t\t\t\t<\/div>\n\t\t\t\t<div class=\"elementor-element elementor-element-fabfecc elementor-widget-mobile__width-inherit elementor-widget__width-initial elementor-widget-tablet__width-inherit elementor-widget elementor-widget-heading\" data-id=\"fabfecc\" data-element_type=\"widget\" data-e-type=\"widget\" data-widget_type=\"heading.default\">\n\t\t\t\t<div class=\"elementor-widget-container\">\n\t\t\t\t\t<h2 class=\"elementor-heading-title elementor-size-default\">Vielen Dank, dass Sie sich an <span>The Upside Funding<\/span> gewendet haben<\/h2>\t\t\t\t<\/div>\n\t\t\t\t<\/div>\n\t\t\t\t<div class=\"elementor-element elementor-element-45ba761 elementor-widget__width-initial elementor-widget-mobile__width-inherit elementor-widget-tablet__width-inherit upside-fubnding-link elementor-icon-list--layout-traditional elementor-list-item-link-full_width elementor-widget elementor-widget-icon-list\" data-id=\"45ba761\" data-element_type=\"widget\" data-e-type=\"widget\" data-widget_type=\"icon-list.default\">\n\t\t\t\t<div class=\"elementor-widget-container\">\n\t\t\t\t\t\t\t<ul class=\"elementor-icon-list-items\">\n\t\t\t\t\t\t\t<li class=\"elementor-icon-list-item\">\n\t\t\t\t\t\t\t\t\t\t\t<span class=\"elementor-icon-list-icon\">\n\t\t\t\t\t\t\t<svg xmlns=\"http:\/\/www.w3.org\/2000\/svg\" width=\"24\" height=\"24\" viewBox=\"0 0 24 24\" fill=\"none\"><rect x=\"1.50293\" y=\"1.50586\" width=\"21\" height=\"21\" rx=\"10.5\" fill=\"url(#paint0_linear_8183_191)\"><\/rect><path d=\"M10.4404 15.7559C10.2804 15.7559 10.1206 15.6948 9.99851 15.5727L6.87352 12.4477C6.6294 12.2036 6.6294 11.8081 6.87352 11.5639C7.11765 11.3198 7.51315 11.3198 7.75733 11.5639L10.4404 14.2471L16.2485 8.43895C16.4927 8.19483 16.8882 8.19483 17.1324 8.43895C17.3765 8.68308 17.3765 9.07858 17.1324 9.32276L10.8824 15.5727C10.7603 15.6948 10.6003 15.7559 10.4404 15.7559Z\" fill=\"white\"><\/path><defs><linearGradient id=\"paint0_linear_8183_191\" x1=\"22.5029\" y1=\"22.5601\" x2=\"2.91477\" y2=\"0.928796\" gradientUnits=\"userSpaceOnUse\"><stop stop-color=\"#4F0EF7\"><\/stop><stop offset=\"1\" stop-color=\"#3A0E7A\"><\/stop><\/linearGradient><\/defs><\/svg>\t\t\t\t\t\t<\/span>\n\t\t\t\t\t\t\t\t\t\t<span class=\"elementor-icon-list-text\">Wir haben Ihre Nachricht erhalten \u2013 und Sie sind Ihrem Ziel, Ihr Trading auf die n\u00e4chste Stufe zu heben, einen Schritt n\u00e4her gekommen.<\/span>\n\t\t\t\t\t\t\t\t\t<\/li>\n\t\t\t\t\t\t\t\t<li class=\"elementor-icon-list-item\">\n\t\t\t\t\t\t\t\t\t\t\t<span class=\"elementor-icon-list-icon\">\n\t\t\t\t\t\t\t<svg xmlns=\"http:\/\/www.w3.org\/2000\/svg\" width=\"24\" height=\"24\" viewBox=\"0 0 24 24\" fill=\"none\"><rect x=\"1.50293\" y=\"1.50586\" width=\"21\" height=\"21\" rx=\"10.5\" fill=\"url(#paint0_linear_8183_191)\"><\/rect><path d=\"M10.4404 15.7559C10.2804 15.7559 10.1206 15.6948 9.99851 15.5727L6.87352 12.4477C6.6294 12.2036 6.6294 11.8081 6.87352 11.5639C7.11765 11.3198 7.51315 11.3198 7.75733 11.5639L10.4404 14.2471L16.2485 8.43895C16.4927 8.19483 16.8882 8.19483 17.1324 8.43895C17.3765 8.68308 17.3765 9.07858 17.1324 9.32276L10.8824 15.5727C10.7603 15.6948 10.6003 15.7559 10.4404 15.7559Z\" fill=\"white\"><\/path><defs><linearGradient id=\"paint0_linear_8183_191\" x1=\"22.5029\" y1=\"22.5601\" x2=\"2.91477\" y2=\"0.928796\" gradientUnits=\"userSpaceOnUse\"><stop stop-color=\"#4F0EF7\"><\/stop><stop offset=\"1\" stop-color=\"#3A0E7A\"><\/stop><\/linearGradient><\/defs><\/svg>\t\t\t\t\t\t<\/span>\n\t\t\t\t\t\t\t\t\t\t<span class=\"elementor-icon-list-text\">Ein Mitglied unseres Teams wird Ihre Anfrage pr\u00fcfen und sich in K\u00fcrze bei Ihnen melden.<\/span>\n\t\t\t\t\t\t\t\t\t<\/li>\n\t\t\t\t\t\t\t\t<li class=\"elementor-icon-list-item\">\n\t\t\t\t\t\t\t\t\t\t\t<span class=\"elementor-icon-list-icon\">\n\t\t\t\t\t\t\t<svg xmlns=\"http:\/\/www.w3.org\/2000\/svg\" width=\"24\" height=\"24\" viewBox=\"0 0 24 24\" fill=\"none\"><rect x=\"1.50293\" y=\"1.50586\" width=\"21\" height=\"21\" rx=\"10.5\" fill=\"url(#paint0_linear_8183_191)\"><\/rect><path d=\"M10.4404 15.7559C10.2804 15.7559 10.1206 15.6948 9.99851 15.5727L6.87352 12.4477C6.6294 12.2036 6.6294 11.8081 6.87352 11.5639C7.11765 11.3198 7.51315 11.3198 7.75733 11.5639L10.4404 14.2471L16.2485 8.43895C16.4927 8.19483 16.8882 8.19483 17.1324 8.43895C17.3765 8.68308 17.3765 9.07858 17.1324 9.32276L10.8824 15.5727C10.7603 15.6948 10.6003 15.7559 10.4404 15.7559Z\" fill=\"white\"><\/path><defs><linearGradient id=\"paint0_linear_8183_191\" x1=\"22.5029\" y1=\"22.5601\" x2=\"2.91477\" y2=\"0.928796\" gradientUnits=\"userSpaceOnUse\"><stop stop-color=\"#4F0EF7\"><\/stop><stop offset=\"1\" stop-color=\"#3A0E7A\"><\/stop><\/linearGradient><\/defs><\/svg>\t\t\t\t\t\t<\/span>\n\t\t\t\t\t\t\t\t\t\t<span class=\"elementor-icon-list-text\">Egal, ob Sie eine Finanzierung suchen, mehr \u00fcber unsere Trading-Programme erfahren m\u00f6chten oder verstehen wollen, wie wir Tradern helfen, sich zu professionellen Tradern zu entwickeln \u2013 wir sind f\u00fcr Sie da.<\/span>\n\t\t\t\t\t\t\t\t\t<\/li>\n\t\t\t\t\t\t\t\t<li class=\"elementor-icon-list-item\">\n\t\t\t\t\t\t\t\t\t\t\t<span class=\"elementor-icon-list-icon\">\n\t\t\t\t\t\t\t<svg xmlns=\"http:\/\/www.w3.org\/2000\/svg\" width=\"24\" height=\"24\" viewBox=\"0 0 24 24\" fill=\"none\"><rect x=\"1.50293\" y=\"1.50586\" width=\"21\" height=\"21\" rx=\"10.5\" fill=\"url(#paint0_linear_8183_191)\"><\/rect><path d=\"M10.4404 15.7559C10.2804 15.7559 10.1206 15.6948 9.99851 15.5727L6.87352 12.4477C6.6294 12.2036 6.6294 11.8081 6.87352 11.5639C7.11765 11.3198 7.51315 11.3198 7.75733 11.5639L10.4404 14.2471L16.2485 8.43895C16.4927 8.19483 16.8882 8.19483 17.1324 8.43895C17.3765 8.68308 17.3765 9.07858 17.1324 9.32276L10.8824 15.5727C10.7603 15.6948 10.6003 15.7559 10.4404 15.7559Z\" fill=\"white\"><\/path><defs><linearGradient id=\"paint0_linear_8183_191\" x1=\"22.5029\" y1=\"22.5601\" x2=\"2.91477\" y2=\"0.928796\" gradientUnits=\"userSpaceOnUse\"><stop stop-color=\"#4F0EF7\"><\/stop><stop offset=\"1\" stop-color=\"#3A0E7A\"><\/stop><\/linearGradient><\/defs><\/svg>\t\t\t\t\t\t<\/span>\n\t\t\t\t\t\t\t\t\t\t<span class=\"elementor-icon-list-text\"><span class=\"upside-funding-bold-text\">In der Zwischenzeit k\u00f6nnen Sie: &amp;nbsp<\/span> <a href=\"https:\/\/theupsidefunding.com\/de\/so-funktioniert-es\/\">Erfahren Sie, wie Prop-Trading funktioniert, um unser Modell zu verstehen<\/a><\/span>\n\t\t\t\t\t\t\t\t\t<\/li>\n\t\t\t\t\t\t<\/ul>\n\t\t\t\t\t\t<\/div>\n\t\t\t\t<\/div>\n\t\t\t\t<\/div>\n\t\t<div class=\"elementor-element elementor-element-27e93b9 e-con-full e-flex e-con e-child\" data-id=\"27e93b9\" data-element_type=\"container\" data-e-type=\"container\" data-settings=\"{&quot;background_background&quot;:&quot;classic&quot;}\">\n\t\t<div class=\"elementor-element elementor-element-3015c19 e-con-full e-flex e-con e-child\" data-id=\"3015c19\" data-element_type=\"container\" data-e-type=\"container\">\n\t\t\t\t<div class=\"elementor-element elementor-element-1fa3301 elementor-widget elementor-widget-heading\" data-id=\"1fa3301\" data-element_type=\"widget\" data-e-type=\"widget\" data-widget_type=\"heading.default\">\n\t\t\t\t<div class=\"elementor-widget-container\">\n\t\t\t\t\t<h2 class=\"elementor-heading-title elementor-size-default\">Sind Sie bereit, Ihre Reise zum finanzierten Trading zu beginnen?<\/h2>\t\t\t\t<\/div>\n\t\t\t\t<\/div>\n\t\t\t\t<div class=\"elementor-element elementor-element-8178435 elementor-widget__width-initial elementor-widget-tablet__width-inherit elementor-widget elementor-widget-text-editor\" data-id=\"8178435\" data-element_type=\"widget\" data-e-type=\"widget\" data-widget_type=\"text-editor.default\">\n\t\t\t\t<div class=\"elementor-widget-container\">\n\t\t\t\t\t\t\t\t\tBewerben Sie sich jetzt, um Zugang zu Kapital, Mentoring und professionellen Trading-M\u00f6glichkeiten zu erhalten.\t\t\t\t\t\t\t\t<\/div>\n\t\t\t\t<\/div>\n\t\t<div class=\"elementor-element elementor-element-dc6dc90 e-con-full e-flex e-con e-child\" data-id=\"dc6dc90\" data-element_type=\"container\" data-e-type=\"container\">\n\t\t\t\t<div class=\"elementor-element elementor-element-09e1a7d elementor-align-left secondary-white-btn elementor-widget elementor-widget-button\" data-id=\"09e1a7d\" data-element_type=\"widget\" data-e-type=\"widget\" data-widget_type=\"button.default\">\n\t\t\t\t<div class=\"elementor-widget-container\">\n\t\t\t\t\t\t\t\t\t<div class=\"elementor-button-wrapper\">\n\t\t\t\t\t<a class=\"elementor-button elementor-button-link elementor-size-sm elementor-animation-shrink\" href=\"https:\/\/theupsidefunding.com\/#upsidefunding-evalution-plan\">\n\t\t\t\t\t\t<span class=\"elementor-button-content-wrapper\">\n\t\t\t\t\t\t<span class=\"elementor-button-icon\">\n\t\t\t\t<svg xmlns=\"http:\/\/www.w3.org\/2000\/svg\" width=\"16\" height=\"16\" viewBox=\"0 0 16 16\" fill=\"none\"><path d=\"M12.5516 3.37676L12.996 2.9324L12.1073 2.04367L11.6629 2.48804L12.1073 2.9324L12.5516 3.37676ZM1.71189 12.4391L1.26753 12.8834L2.15625 13.7721L2.60061 13.3278L2.15625 12.8834L1.71189 12.4391ZM2.84365 1.28727L2.21524 1.2913L2.2233 2.54812L2.85171 2.54409L2.84768 1.91568L2.84365 1.28727ZM12.641 12.3334L12.6369 12.9618L13.8938 12.9698L13.8978 12.3414L13.2694 12.3374L12.641 12.3334ZM7.11645 1.88829L7.12048 2.5167L7.11645 1.88829ZM13.2968 8.06862L12.6684 8.06459L13.2968 8.06862ZM12.1073 2.9324L11.6629 2.48804L1.71189 12.4391L2.15625 12.8834L2.60061 13.3278L12.5516 3.37676L12.1073 2.9324ZM2.84768 1.91568L2.85171 2.54409L7.12048 2.5167L7.11645 1.88829L7.11242 1.25988L2.84365 1.28727L2.84768 1.91568ZM13.2968 8.06862L12.6684 8.06459L12.641 12.3334L13.2694 12.3374L13.8978 12.3414L13.9252 8.07265L13.2968 8.06862ZM7.11645 1.88829L7.12048 2.5167C8.60287 2.50719 9.65109 2.50181 10.4449 2.60387C11.2206 2.70361 11.657 2.89584 11.9731 3.21197L12.4175 2.7676L12.8618 2.32324C12.2704 1.73186 11.5209 1.47503 10.6052 1.35729C9.70757 1.24188 8.55904 1.2506 7.11242 1.25988L7.11645 1.88829ZM13.2968 8.06862L13.9252 8.07265C13.9345 6.62603 13.9432 5.4775 13.8278 4.57991C13.71 3.66421 13.4532 2.91463 12.8618 2.32324L12.4175 2.7676L11.9731 3.21197C12.2892 3.52809 12.4815 3.96451 12.5812 4.74019C12.6833 5.53398 12.6779 6.5822 12.6684 8.06459L13.2968 8.06862Z\" fill=\"white\"><\/path><\/svg>\t\t\t<\/span>\n\t\t\t\t\t\t\t\t\t<span class=\"elementor-button-text\">Holen Sie sich noch heute eine Finanzierung<\/span>\n\t\t\t\t\t<\/span>\n\t\t\t\t\t<\/a>\n\t\t\t\t<\/div>\n\t\t\t\t\t\t\t\t<\/div>\n\t\t\t\t<\/div>\n\t\t\t\t<div class=\"elementor-element elementor-element-258b09e elementor-align-left accent-white-bg-btn elementor-widget elementor-widget-button\" data-id=\"258b09e\" data-element_type=\"widget\" data-e-type=\"widget\" data-widget_type=\"button.default\">\n\t\t\t\t<div class=\"elementor-widget-container\">\n\t\t\t\t\t\t\t\t\t<div class=\"elementor-button-wrapper\">\n\t\t\t\t\t<a class=\"elementor-button elementor-button-link elementor-size-sm elementor-animation-shrink\" href=\"https:\/\/theupsidefunding.com\/#upsidefunding-evalution-plan\">\n\t\t\t\t\t\t<span class=\"elementor-button-content-wrapper\">\n\t\t\t\t\t\t<span class=\"elementor-button-icon\">\n\t\t\t\t<svg xmlns=\"http:\/\/www.w3.org\/2000\/svg\" width=\"16\" height=\"16\" viewBox=\"0 0 16 16\" fill=\"none\"><path d=\"M12.5516 3.37713L12.996 2.93276L12.1073 2.04404L11.6629 2.4884L12.1073 2.93276L12.5516 3.37713ZM1.71189 12.4394L1.26753 12.8838L2.15625 13.7725L2.60061 13.3282L2.15625 12.8838L1.71189 12.4394ZM2.84365 1.28764L2.21524 1.29167L2.2233 2.54849L2.85171 2.54446L2.84768 1.91605L2.84365 1.28764ZM12.641 12.3337L12.6369 12.9621L13.8938 12.9702L13.8978 12.3418L13.2694 12.3378L12.641 12.3337ZM7.11645 1.88865L7.12048 2.51707L7.11645 1.88865ZM13.2968 8.06898L12.6684 8.06495L13.2968 8.06898ZM12.1073 2.93276L11.6629 2.4884L1.71189 12.4394L2.15625 12.8838L2.60061 13.3282L12.5516 3.37713L12.1073 2.93276ZM2.84768 1.91605L2.85171 2.54446L7.12048 2.51707L7.11645 1.88865L7.11242 1.26024L2.84365 1.28764L2.84768 1.91605ZM13.2968 8.06898L12.6684 8.06495L12.641 12.3337L13.2694 12.3378L13.8978 12.3418L13.9252 8.07302L13.2968 8.06898ZM7.11645 1.88865L7.12048 2.51707C8.60287 2.50755 9.65109 2.50218 10.4449 2.60424C11.2206 2.70398 11.657 2.89621 11.9731 3.21233L12.4175 2.76797L12.8618 2.32361C12.2704 1.73222 11.5209 1.4754 10.6052 1.35766C9.70757 1.24224 8.55904 1.25096 7.11242 1.26024L7.11645 1.88865ZM13.2968 8.06898L13.9252 8.07302C13.9345 6.6264 13.9432 5.47787 13.8278 4.58027C13.71 3.66458 13.4532 2.91499 12.8618 2.32361L12.4175 2.76797L11.9731 3.21233C12.2892 3.52846 12.4815 3.96487 12.5812 4.74056C12.6833 5.53434 12.6779 6.58257 12.6684 8.06495L13.2968 8.06898Z\" fill=\"black\"><\/path><\/svg>\t\t\t<\/span>\n\t\t\t\t\t\t\t\t\t<span class=\"elementor-button-text\">Treten Sie The Upside bei<\/span>\n\t\t\t\t\t<\/span>\n\t\t\t\t\t<\/a>\n\t\t\t\t<\/div>\n\t\t\t\t\t\t\t\t<\/div>\n\t\t\t\t<\/div>\n\t\t\t\t<\/div>\n\t\t<div class=\"elementor-element elementor-element-306a742 e-con-full elementor-hidden-desktop e-flex e-con e-child\" data-id=\"306a742\" data-element_type=\"container\" data-e-type=\"container\">\n\t\t\t\t<div class=\"elementor-element elementor-element-bcde0ed elementor-hidden-desktop elementor-widget elementor-widget-image\" data-id=\"bcde0ed\" data-element_type=\"widget\" data-e-type=\"widget\" data-widget_type=\"image.default\">\n\t\t\t\t<div class=\"elementor-widget-container\">\n\t\t\t\t\t\t\t\t\t\t\t\t\t\t\t<img fetchpriority=\"high\" decoding=\"async\" width=\"810\" height=\"617\" src=\"https:\/\/theupsidefunding.com\/wp-content\/uploads\/2025\/11\/img_affiliate_web.webp\" class=\"attachment-full size-full wp-image-11116\" alt=\"affiliate_web\" \/>\t\t\t\t\t\t\t\t\t\t\t\t\t\t\t<\/div>\n\t\t\t\t<\/div>\n\t\t\t\t<\/div>\n\t\t\t\t<\/div>\n\t\t\t\t<div class=\"elementor-element elementor-element-805c381 elementor-absolute elementor-hidden-mobile elementor-hidden-tablet img-tablet-responsive-big elementor-widget elementor-widget-image\" data-id=\"805c381\" data-element_type=\"widget\" data-e-type=\"widget\" data-settings=\"{&quot;_position&quot;:&quot;absolute&quot;}\" data-widget_type=\"image.default\">\n\t\t\t\t<div class=\"elementor-widget-container\">\n\t\t\t\t\t\t\t\t\t\t\t\t\t\t\t<img fetchpriority=\"high\" decoding=\"async\" width=\"810\" height=\"617\" src=\"https:\/\/theupsidefunding.com\/wp-content\/uploads\/2025\/11\/img_affiliate_web.webp\" class=\"attachment-full size-full wp-image-11116\" alt=\"affiliate_web\" \/>\t\t\t\t\t\t\t\t\t\t\t\t\t\t\t<\/div>\n\t\t\t\t<\/div>\n\t\t\t\t<\/div>\n\t\t\t\t\t<\/div>\n\t\t\t\t<\/div>\n\t\t\t\t<\/div>\n\t\t","protected":false},"excerpt":{"rendered":"<p>Vielen Dank, dass Sie sich an The Upside Funding gewendet haben Wir haben Ihre Nachricht erhalten \u2013 und Sie sind Ihrem Ziel, Ihr Trading auf die n\u00e4chste Stufe zu heben, einen Schritt n\u00e4her gekommen. Ein Mitglied unseres Teams wird Ihre Anfrage pr\u00fcfen und sich in K\u00fcrze bei Ihnen melden. Egal, ob Sie eine Finanzierung suchen, [&hellip;]<\/p>\n","protected":false},"author":4,"featured_media":0,"parent":0,"menu_order":0,"comment_status":"closed","ping_status":"closed","template":"elementor_header_footer","meta":{"_acf_changed":false,"footnotes":""},"class_list":["post-18568","page","type-page","status-publish","hentry"],"acf":[],"featured_image_src":null,"featured_image_src_square":null,"_links":{"self":[{"href":"https:\/\/theupsidefunding.com\/de\/wp-json\/wp\/v2\/pages\/18568","targetHints":{"allow":["GET"]}}],"collection":[{"href":"https:\/\/theupsidefunding.com\/de\/wp-json\/wp\/v2\/pages"}],"about":[{"href":"https:\/\/theupsidefunding.com\/de\/wp-json\/wp\/v2\/types\/page"}],"author":[{"embeddable":true,"href":"https:\/\/theupsidefunding.com\/de\/wp-json\/wp\/v2\/users\/4"}],"replies":[{"embeddable":true,"href":"https:\/\/theupsidefunding.com\/de\/wp-json\/wp\/v2\/comments?post=18568"}],"version-history":[{"count":0,"href":"https:\/\/theupsidefunding.com\/de\/wp-json\/wp\/v2\/pages\/18568\/revisions"}],"wp:attachment":[{"href":"https:\/\/theupsidefunding.com\/de\/wp-json\/wp\/v2\/media?parent=18568"}],"curies":[{"name":"wp","href":"https:\/\/api.w.org\/{rel}","templated":true}]}}